{"id":92,"date":"2024-05-22T15:15:29","date_gmt":"2024-05-22T18:15:29","guid":{"rendered":"https:\/\/adufra.com.br\/?page_id=92"},"modified":"2024-05-27T21:25:48","modified_gmt":"2024-05-28T00:25:48","slug":"page-home","status":"publish","type":"page","link":"https:\/\/adufra.com.br\/","title":{"rendered":""},"content":{"rendered":"<div class=\"root-eb-post-carousel-15gwf wp-block-essential-blocks-post-carousel\">\n    <div class=\"eb-parent-wrapper eb-parent-eb-post-carousel-15gwf \">\n        <div class=\"eb-post-carousel-15gwf style-3 arrow-none equal-height dot-style-3 eb-post-carousel-wrapper\"\n            data-id=\"eb-post-carousel-15gwf\"\n            data-querydata=\"a:14:{s:6:&quot;source&quot;;s:4:&quot;post&quot;;s:11:&quot;sourceIndex&quot;;i:0;s:9:&quot;rest_base&quot;;s:5:&quot;posts&quot;;s:14:&quot;rest_namespace&quot;;s:5:&quot;wp\/v2&quot;;s:6:&quot;author&quot;;s:0:&quot;&quot;;s:10:&quot;taxonomies&quot;;a:0:{}s:8:&quot;per_page&quot;;s:1:&quot;5&quot;;s:6:&quot;offset&quot;;s:1:&quot;0&quot;;s:7:&quot;orderby&quot;;s:4:&quot;date&quot;;s:5:&quot;order&quot;;s:4:&quot;desc&quot;;s:7:&quot;include&quot;;s:0:&quot;&quot;;s:7:&quot;exclude&quot;;s:0:&quot;&quot;;s:15:&quot;exclude_current&quot;;b:0;s:26:&quot;exclude_password_protected&quot;;b:0;}\"\n            data-slidersettings=\"{&quot;arrows&quot;:false,&quot;dots&quot;:true,&quot;autoplaySpeed&quot;:5000,&quot;speed&quot;:1000,&quot;adaptiveHeight&quot;:true,&quot;autoplay&quot;:true,&quot;infinite&quot;:true,&quot;pauseOnHover&quot;:true,&quot;slideToShowRange&quot;:1,&quot;leftArrowIcon&quot;:&quot;fas fa-chevron-circle-left&quot;,&quot;rightArrowIcon&quot;:&quot;fas fa-chevron-circle-right&quot;,&quot;addIcon&quot;:false,&quot;showFallbackImg&quot;:false,&quot;fallbackImgUrl&quot;:&quot;&quot;,&quot;isRTLEnable&quot;:false,&quot;TABslideToShowRange&quot;:2,&quot;MOBslideToShowRange&quot;:1}\"\n            data-attributes=\"{&quot;preset&quot;:&quot;style-3&quot;,&quot;showThumbnail&quot;:true,&quot;showTitle&quot;:true,&quot;titleLength&quot;:-1,&quot;titleTag&quot;:&quot;h2&quot;,&quot;showContent&quot;:true,&quot;contentLength&quot;:10,&quot;expansionIndicator&quot;:&quot;...&quot;,&quot;showReadMore&quot;:true,&quot;readmoreText&quot;:&quot;Leia Mais&quot;,&quot;showMeta&quot;:true,&quot;headerMeta&quot;:&quot;[{\\&quot;value\\&quot;:\\&quot;date\\&quot;,\\&quot;label\\&quot;:\\&quot;Published Date\\&quot;}]&quot;,&quot;footerMeta&quot;:&quot;[]&quot;,&quot;authorPrefix&quot;:&quot;por&quot;,&quot;datePrefix&quot;:&quot;em&quot;,&quot;showBlockContent&quot;:true,&quot;showFeaturedPost&quot;:false,&quot;featuredPostId&quot;:&quot;&quot;,&quot;showFeaturedPostTitle&quot;:true,&quot;showFeaturedPostContent&quot;:false,&quot;showFeaturedPostMeta&quot;:true,&quot;showFeaturedHeaderMeta&quot;:true,&quot;showFeaturedFooterMeta&quot;:true,&quot;featuredMetaItems&quot;:&quot;{}&quot;,&quot;featuredExcerptLength&quot;:10,&quot;leftArrowIcon&quot;:&quot;fas fa-chevron-circle-left&quot;,&quot;rightArrowIcon&quot;:&quot;fas fa-chevron-circle-right&quot;,&quot;showFallbackImg&quot;:false,&quot;isRTLEnable&quot;:false}\">\n\n            <div class=\"eb-post-carousel init-eb-post-carousel-15gwf\"\n                data-id=\"eb-post-carousel-15gwf\">\n                <article class=\"ebpg-carousel-post ebpg-post-carousel-column\" data-id=\"488\"><div class=\"ebpg-carousel-post-holder\"><div class=\"ebpg-entry-media\">\n                <div class=\"ebpg-entry-thumbnail\">\n                    <a class=\"ebpg-post-link-wrapper eb-sr-only\" href=\"https:\/\/adufra.com.br\/?p=488\">Professor tempor\u00e1rio tem direito ao piso salarial do magist\u00e9rio, decide STF<\/a>\n                    <img fetchpriority=\"high\" decoding=\"async\" width=\"900\" height=\"600\" src=\"https:\/\/adufra.com.br\/wp-content\/uploads\/2026\/04\/O-ministro-Edson-Fachin-assume-a-presidencia-do-Supremo-Tribunal-Federal-STF.-O-magistrado-tera-como-vice-presidente-o-ministro-Alexandre-de-Moraes-Metropoles-10.webp\" class=\"attachment-full size-full\" alt=\"\" \/>\n                <\/div>\n            <\/div><div class=\"ebpg-entry-wrapper\"><div class=\"ebpg-entry-meta ebpg-header-meta\"><div class=\"ebpg-entry-meta-items\"><span class=\"ebpg-posted-on\">\n            em <time dateTime=\"2026-04-22T16:15:50-03:00\">22 de abril de 2026<\/time>\n        <\/span><\/div><\/div><header class=\"ebpg-entry-header\">\n            <h2 class=\"ebpg-entry-title\">\n                <a class=\"ebpg-carousel-post-link\" href=\"https:\/\/adufra.com.br\/?p=488\" title=\"professortemporriotemdireitoaopisosalarialdomagistriodecidestf\">Professor tempor\u00e1rio tem direito ao piso salarial do magist\u00e9rio, decide STF<\/a>\n            <\/h2>\n        <\/header><div class=\"ebpg-entry-content\"><div class=\"ebpg-carousel-post-excerpt\">\n            <p>Tribunal decidiu limitar a 5% cess\u00e3o de profissionais a outros&#8230;<\/p>\n        <\/div><div class=\"ebpg-readmore-btn\">\n            <a href=\"https:\/\/adufra.com.br\/?p=488\"> Leia Mais <\/a>\n        <\/div><\/div><div class=\"ebpg-entry-meta ebpg-footer-meta\"><div class=\"ebpg-entry-meta-items\"><\/div><\/div><\/div><\/div><\/article><article class=\"ebpg-carousel-post ebpg-post-carousel-column\" data-id=\"483\"><div class=\"ebpg-carousel-post-holder\"><div class=\"ebpg-entry-media\">\n                <div class=\"ebpg-entry-thumbnail\">\n                    <a class=\"ebpg-post-link-wrapper eb-sr-only\" href=\"https:\/\/adufra.com.br\/?p=483\">DECIS\u00c3O JUDICIAL GARANTE PAGAMENTO DE FUN\u00c7\u00c3O GRATIFICADA<\/a>\n                    <img decoding=\"async\" width=\"720\" height=\"400\" src=\"https:\/\/adufra.com.br\/wp-content\/uploads\/2025\/11\/Copia-de-Sem-nome-720-x-400-px-720-x-400-px-2.png\" class=\"attachment-full size-full\" alt=\"\" \/>\n                <\/div>\n            <\/div><div class=\"ebpg-entry-wrapper\"><div class=\"ebpg-entry-meta ebpg-header-meta\"><div class=\"ebpg-entry-meta-items\"><span class=\"ebpg-posted-on\">\n            em <time dateTime=\"2025-11-26T13:53:25-03:00\">26 de novembro de 2025<\/time>\n        <\/span><\/div><\/div><header class=\"ebpg-entry-header\">\n            <h2 class=\"ebpg-entry-title\">\n                <a class=\"ebpg-carousel-post-link\" href=\"https:\/\/adufra.com.br\/?p=483\" title=\"decisojudicialgarantepagamentodefunogratificada\">DECIS\u00c3O JUDICIAL GARANTE PAGAMENTO DE FUN\u00c7\u00c3O GRATIFICADA<\/a>\n            <\/h2>\n        <\/header><div class=\"ebpg-entry-content\"><div class=\"ebpg-carousel-post-excerpt\">\n            <p>Docente filiado a ADUFERPE, mesmo exercendo a fun\u00e7\u00e3o de coordena\u00e7\u00e3o,&#8230;<\/p>\n        <\/div><div class=\"ebpg-readmore-btn\">\n            <a href=\"https:\/\/adufra.com.br\/?p=483\"> Leia Mais <\/a>\n        <\/div><\/div><div class=\"ebpg-entry-meta ebpg-footer-meta\"><div class=\"ebpg-entry-meta-items\"><\/div><\/div><\/div><\/div><\/article><article class=\"ebpg-carousel-post ebpg-post-carousel-column\" data-id=\"480\"><div class=\"ebpg-carousel-post-holder\"><div class=\"ebpg-entry-media\">\n                <div class=\"ebpg-entry-thumbnail\">\n                    <a class=\"ebpg-post-link-wrapper eb-sr-only\" href=\"https:\/\/adufra.com.br\/?p=480\">Tribunal garante remunera\u00e7\u00e3o de coordenadores e chefias e reconhece ampla legitimidade sindical<\/a>\n                    <img decoding=\"async\" width=\"720\" height=\"400\" src=\"https:\/\/adufra.com.br\/wp-content\/uploads\/2025\/11\/Copia-de-Sem-nome-720-x-400-px-720-x-400-px-1.png\" class=\"attachment-full size-full\" alt=\"\" \/>\n                <\/div>\n            <\/div><div class=\"ebpg-entry-wrapper\"><div class=\"ebpg-entry-meta ebpg-header-meta\"><div class=\"ebpg-entry-meta-items\"><span class=\"ebpg-posted-on\">\n            em <time dateTime=\"2025-11-26T13:28:10-03:00\">26 de novembro de 2025<\/time>\n        <\/span><\/div><\/div><header class=\"ebpg-entry-header\">\n            <h2 class=\"ebpg-entry-title\">\n                <a class=\"ebpg-carousel-post-link\" href=\"https:\/\/adufra.com.br\/?p=480\" title=\"tribunalgaranteremuneraodecoordenadoresechefiasereconheceamplalegitimidadesindical\">Tribunal garante remunera\u00e7\u00e3o de coordenadores e chefias e reconhece ampla legitimidade sindical<\/a>\n            <\/h2>\n        <\/header><div class=\"ebpg-entry-content\"><div class=\"ebpg-carousel-post-excerpt\">\n            <p>Socializamos decis\u00e3o recente proferida pelo TRF4 em a\u00e7\u00e3o voltada a&#8230;<\/p>\n        <\/div><div class=\"ebpg-readmore-btn\">\n            <a href=\"https:\/\/adufra.com.br\/?p=480\"> Leia Mais <\/a>\n        <\/div><\/div><div class=\"ebpg-entry-meta ebpg-footer-meta\"><div class=\"ebpg-entry-meta-items\"><\/div><\/div><\/div><\/div><\/article><article class=\"ebpg-carousel-post ebpg-post-carousel-column\" data-id=\"474\"><div class=\"ebpg-carousel-post-holder\"><div class=\"ebpg-entry-media\">\n                <div class=\"ebpg-entry-thumbnail\">\n                    <a class=\"ebpg-post-link-wrapper eb-sr-only\" href=\"https:\/\/adufra.com.br\/?p=474\">NOTA DE REP\u00daDIO<\/a>\n                    <img loading=\"lazy\" decoding=\"async\" width=\"720\" height=\"400\" src=\"https:\/\/adufra.com.br\/wp-content\/uploads\/2025\/10\/NOTA-de-720-x-400-px-1.png\" class=\"attachment-full size-full\" alt=\"\" \/>\n                <\/div>\n            <\/div><div class=\"ebpg-entry-wrapper\"><div class=\"ebpg-entry-meta ebpg-header-meta\"><div class=\"ebpg-entry-meta-items\"><span class=\"ebpg-posted-on\">\n            em <time dateTime=\"2025-10-29T12:40:13-03:00\">29 de outubro de 2025<\/time>\n        <\/span><\/div><\/div><header class=\"ebpg-entry-header\">\n            <h2 class=\"ebpg-entry-title\">\n                <a class=\"ebpg-carousel-post-link\" href=\"https:\/\/adufra.com.br\/?p=474\" title=\"notaderepdio\">NOTA DE REP\u00daDIO<\/a>\n            <\/h2>\n        <\/header><div class=\"ebpg-entry-content\"><div class=\"ebpg-carousel-post-excerpt\">\n            <p>NOTA DE REP\u00daDIO \u00c0 PEC 38\/2025 \u2013 REFORMA ADMINISTRATIVA \n\n\n\nA&#8230;<\/p>\n        <\/div><div class=\"ebpg-readmore-btn\">\n            <a href=\"https:\/\/adufra.com.br\/?p=474\"> Leia Mais <\/a>\n        <\/div><\/div><div class=\"ebpg-entry-meta ebpg-footer-meta\"><div class=\"ebpg-entry-meta-items\"><\/div><\/div><\/div><\/div><\/article><article class=\"ebpg-carousel-post ebpg-post-carousel-column\" data-id=\"467\"><div class=\"ebpg-carousel-post-holder\"><div class=\"ebpg-entry-media\">\n                <div class=\"ebpg-entry-thumbnail\">\n                    <a class=\"ebpg-post-link-wrapper eb-sr-only\" href=\"https:\/\/adufra.com.br\/?p=467\">NOTA OFICIAL DA ADUFRA<\/a>\n                    <img loading=\"lazy\" decoding=\"async\" width=\"720\" height=\"400\" src=\"https:\/\/adufra.com.br\/wp-content\/uploads\/2025\/05\/Paralisacao-1212-720-x-400-px.png\" class=\"attachment-full size-full\" alt=\"\" \/>\n                <\/div>\n            <\/div><div class=\"ebpg-entry-wrapper\"><div class=\"ebpg-entry-meta ebpg-header-meta\"><div class=\"ebpg-entry-meta-items\"><span class=\"ebpg-posted-on\">\n            em <time dateTime=\"2025-05-30T17:49:38-03:00\">30 de maio de 2025<\/time>\n        <\/span><\/div><\/div><header class=\"ebpg-entry-header\">\n            <h2 class=\"ebpg-entry-title\">\n                <a class=\"ebpg-carousel-post-link\" href=\"https:\/\/adufra.com.br\/?p=467\" title=\"notaoficialdaadufra\">NOTA OFICIAL DA ADUFRA<\/a>\n            <\/h2>\n        <\/header><div class=\"ebpg-entry-content\"><div class=\"ebpg-carousel-post-excerpt\">\n            <p>A Associa\u00e7\u00e3o dos Docentes da Universidade Federal Rural da Amaz\u00f4nia&#8230;<\/p>\n        <\/div><div class=\"ebpg-readmore-btn\">\n            <a href=\"https:\/\/adufra.com.br\/?p=467\"> Leia Mais <\/a>\n        <\/div><\/div><div class=\"ebpg-entry-meta ebpg-footer-meta\"><div class=\"ebpg-entry-meta-items\"><\/div><\/div><\/div><\/div><\/article>            <\/div>\n        <\/div>\n    <\/div>\n<\/div>\n\n\n<div class=\"wp-block-essential-blocks-wrapper  root-eb-wrapper-0z8k1\"><div class=\"eb-parent-wrapper eb-parent-eb-wrapper-0z8k1 \"><div class=\"eb-wrapper-outer eb-wrapper-0z8k1\"><div class=\"eb-wrapper-inner\"><div class=\"eb-wrapper-inner-blocks eb-wrapper-align-center\"><\/div><\/div><\/div><\/div><\/div>\n\n\n\n<div class=\"wp-block-cover alignfull has-custom-content-position is-position-top-left has-small-font-size\" style=\"border-style:none;border-width:0px;border-radius:0px;margin-top:0;padding-top:1vw;padding-right:30vw;padding-bottom:1vw;padding-left:30vw;min-height:8vh;aspect-ratio:unset;\"><span aria-hidden=\"true\" class=\"wp-block-cover__background has-background-dim-100 has-background-dim\" style=\"background-color:#c11003\"><\/span><div class=\"wp-block-cover__inner-container is-layout-flow wp-block-cover-is-layout-flow\">\n<div class=\"wp-block-group is-content-justification-center is-layout-flex wp-container-core-group-is-layout-dc405042 wp-block-group-is-layout-flex\" style=\"padding-top:10px;padding-bottom:10px\">\n<div class=\"wp-block-group has-small-font-size wp-container-content-9cfa9a5a is-content-justification-center is-layout-flex wp-container-core-group-is-layout-5b6401d9 wp-block-group-is-layout-flex\">\n<p class=\"has-text-align-left has-nv-text-dark-bg-color has-text-color has-source-serif-pro-font-family\" style=\"font-size:48px;font-style:italic;font-weight:900;letter-spacing:-2px;line-height:0.8;text-transform:none\">Professor! Junte-se a luta.<\/p>\n<\/div>\n\n\n\n<div class=\"wp-block-essential-blocks-button  root-eb-button-877t4\"><div class=\"eb-parent-wrapper eb-parent-eb-button-877t4 \"><div class=\"eb-button-wrapper eb-button-alignment eb-button-877t4\"><div class=\"eb-button\"><a class=\"eb-button-anchor\" href=\"#\" rel=\"noopener\"><strong>Filie-se!<\/strong><\/a><\/div><\/div><\/div><\/div>\n<\/div>\n<\/div><\/div>\n\n\n\n<div class=\"wp-block-essential-blocks-wrapper  root-eb-wrapper-szv83\"><div class=\"eb-parent-wrapper eb-parent-eb-wrapper-szv83 \"><div class=\"eb-wrapper-outer eb-wrapper-szv83\"><div class=\"eb-wrapper-inner\"><div class=\"eb-wrapper-inner-blocks eb-wrapper-align-center\"><\/div><\/div><\/div><\/div><\/div>\n\n\n\n<div class=\"wp-block-essential-blocks-call-to-action  root-eb-button-zh2gq\"><div class=\"eb-parent-wrapper eb-parent-eb-button-zh2gq \"><div class=\"eb-cia-wrapper eb-button-zh2gq\" data-icon=\"fas fa-scale-balanced\"><div class=\"eb-cia-text-wrapper\"><h3 class=\"eb-cia-title\"><\/h3><p class=\"eb-cia-description\"><\/p><\/div><div class=\"eb-cia-button-wrapper\"><a href=\"https:\/\/wagner.adv.br\/\" target=\"_blank\" rel=\"noopener\"><div class=\"eb-cia-button is-medium hvr-grow\">Fale Conosco<\/div><\/a><\/div><\/div><\/div><\/div>\n\n\n\n<div class=\"wp-block-essential-blocks-wrapper  root-eb-wrapper-vhze6\"><div class=\"eb-parent-wrapper eb-parent-eb-wrapper-vhze6 \"><div class=\"eb-wrapper-outer eb-wrapper-vhze6\"><div class=\"eb-wrapper-inner\"><div class=\"eb-wrapper-inner-blocks eb-wrapper-align-center\"><\/div><\/div><\/div><\/div><\/div>\n\n\n\n<div class=\"wp-block-essential-blocks-wrapper  root-eb-wrapper-5zyu3\"><div class=\"eb-parent-wrapper eb-parent-eb-wrapper-5zyu3 \"><div class=\"eb-wrapper-outer eb-wrapper-5zyu3\"><div class=\"eb-wrapper-inner\"><div class=\"eb-wrapper-inner-blocks eb-wrapper-align-center\">\n<figure class=\"wp-block-gallery has-nested-images columns-default is-cropped wp-block-gallery-1 is-layout-flex wp-block-gallery-is-layout-flex\"><\/figure>\n<\/div><\/div><\/div><\/div><\/div>\n\n\n\n<div class=\"wp-block-essential-blocks-wrapper  root-eb-wrapper-vvu9n\"><div class=\"eb-parent-wrapper eb-parent-eb-wrapper-vvu9n \"><div class=\"eb-wrapper-outer eb-wrapper-vvu9n\"><div class=\"eb-wrapper-inner\"><div class=\"eb-wrapper-inner-blocks eb-wrapper-align-center\"><\/div><\/div><\/div><\/div><\/div>\n\n\n\n<div class=\"wp-block-essential-blocks-google-map  root-eb-google-map-j22hs\"><div class=\"eb-parent-wrapper eb-parent-eb-google-map-j22hs \"><div id=\"eb-google-map-j22hs\" class=\"eb-google-map-j22hs eb-google-map-wrapper\" data-map-type=\"roadmap\" data-map-zoom=\"16\" data-latitude=\"40.7127753\" data-longitude=\"-74.0059728\" data-search-address=\"New York, NY, USA\" data-marker=\"W3sidGl0bGUiOiJBRFVGUkEgLSBBc3NvY2lhXHUwMGU3XHUwMGUzbyBkb3MgRG9jZW50ZXMgZGEgVW5pdmVyc2lkYWRlIEZlZGVyYWwgUnVyYWwgZGEgQW1helx1MDBmNG5pYSIsImxvY2F0aW9uIjoiUHJcdTAwZTlkaW8gZGUgTWVkaWNpbmEgVmV0ZXJpblx1MDBlMXJpYSAtIFVGUkEiLCJsYXRpdHVkZSI6Ii0xLjQ1NzUzNzg4OTQ4MDU5MDgiLCJsb25naXR1ZGUiOiItNDguNDMyMzQ2MzQzOTk0MTQiLCJjb250ZW50IjoiQXYuIFByZXNpZGVudGUgVGFuY3JlZG8gTmV2ZXMgLSBcbm5cdTAwYmEgMjUwMSAtIENFUDogNjYwNzctNTgwIC0gXG5CZWxcdTAwZTltIFx1MjAxMyBQYXJcdTAwZTEgXHUyMDE0IEJyYXNpbFxud3d3LmFkdWZyYS5jb20uYnIiLCJpY29uIjoiaHR0cHM6XC9cL21hcHMuZ29vZ2xlLmNvbVwvbWFwZmlsZXNcL21zXC9pY29uc1wvZ3JlZW4tZG90LnBuZyIsInNob3dDdXN0b21JY29uIjoidHJ1ZSIsImltYWdlVXJsIjoiaHR0cDpcL1wvYWR1ZnJhLmNvbS5iclwvd3AtY29udGVudFwvdXBsb2Fkc1wvMjAyNFwvMDVcL0Rlc2lnbi1zZW0tbm9tZS01LnBuZyJ9XQ==\" data-image-size=\"36\" data-theme-source=\"google_theme\" data-google-style=\"standard\" data-snazzy-style=\"default\" style=\"height:320px\"><\/div><\/div><\/div>\n\n\n\n<div class=\"wp-block-essential-blocks-wrapper  root-eb-wrapper-sdc8o\"><div class=\"eb-parent-wrapper eb-parent-eb-wrapper-sdc8o \"><div class=\"eb-wrapper-outer eb-wrapper-sdc8o\"><div class=\"eb-wrapper-inner\"><div class=\"eb-wrapper-inner-blocks eb-wrapper-align-center\"><\/div><\/div><\/div><\/div><\/div>\n","protected":false},"excerpt":{"rendered":"","protected":false},"author":1,"featured_media":0,"parent":0,"menu_order":0,"comment_status":"closed","ping_status":"closed","template":"","meta":{"_eb_attr":"","neve_meta_sidebar":"","neve_meta_container":"","neve_meta_enable_content_width":"","neve_meta_content_width":0,"neve_meta_title_alignment":"","neve_meta_author_avatar":"","neve_post_elements_order":"","neve_meta_disable_header":"","neve_meta_disable_footer":"","neve_meta_disable_title":"","_themeisle_gutenberg_block_has_review":false,"footnotes":""},"class_list":["post-92","page","type-page","status-publish","hentry"],"_links":{"self":[{"href":"https:\/\/adufra.com.br\/index.php?rest_route=\/wp\/v2\/pages\/92","targetHints":{"allow":["GET"]}}],"collection":[{"href":"https:\/\/adufra.com.br\/index.php?rest_route=\/wp\/v2\/pages"}],"about":[{"href":"https:\/\/adufra.com.br\/index.php?rest_route=\/wp\/v2\/types\/page"}],"author":[{"embeddable":true,"href":"https:\/\/adufra.com.br\/index.php?rest_route=\/wp\/v2\/users\/1"}],"replies":[{"embeddable":true,"href":"https:\/\/adufra.com.br\/index.php?rest_route=%2Fwp%2Fv2%2Fcomments&post=92"}],"version-history":[{"count":94,"href":"https:\/\/adufra.com.br\/index.php?rest_route=\/wp\/v2\/pages\/92\/revisions"}],"predecessor-version":[{"id":343,"href":"https:\/\/adufra.com.br\/index.php?rest_route=\/wp\/v2\/pages\/92\/revisions\/343"}],"wp:attachment":[{"href":"https:\/\/adufra.com.br\/index.php?rest_route=%2Fwp%2Fv2%2Fmedia&parent=92"}],"curies":[{"name":"wp","href":"https:\/\/api.w.org\/{rel}","templated":true}]}}